{"id":12332,"date":"2025-06-19T15:34:54","date_gmt":"2025-06-19T13:34:54","guid":{"rendered":"https:\/\/emserra.com\/desarrollo\/servireach\/training-2\/custom-training\/"},"modified":"2025-08-25T12:40:51","modified_gmt":"2025-08-25T10:40:51","slug":"custom-training","status":"publish","type":"page","link":"https:\/\/servireach.com\/en\/training\/custom-training\/","title":{"rendered":"Custom Training"},"content":{"rendered":"\t\t<div data-elementor-type=\"wp-page\" data-elementor-id=\"12332\" class=\"elementor elementor-12332 elementor-9504\" data-elementor-post-type=\"page\">\n\t\t\t\t<div class=\"elementor-element elementor-element-e8ba35f e-flex e-con-boxed e-con e-parent\" data-id=\"e8ba35f\" data-element_type=\"container\" data-e-type=\"container\" data-settings=\"{&quot;background_background&quot;:&quot;classic&quot;}\">\n\t\t\t\t\t<div class=\"e-con-inner\">\n\t\t\t\t<div class=\"elementor-element elementor-element-e7bbb3f elementor-widget elementor-widget-heading\" data-id=\"e7bbb3f\" data-element_type=\"widget\" data-e-type=\"widget\" data-widget_type=\"heading.default\">\n\t\t\t\t<div class=\"elementor-widget-container\">\n\t\t\t\t\t<h1 class=\"elementor-heading-title elementor-size-default\">Custom Training<\/h1>\t\t\t\t<\/div>\n\t\t\t\t<\/div>\n\t\t\t\t<div class=\"elementor-element elementor-element-e9fef9c elementor-absolute flecha-header elementor-widget elementor-widget-image\" data-id=\"e9fef9c\" data-element_type=\"widget\" data-e-type=\"widget\" data-settings=\"{&quot;_position&quot;:&quot;absolute&quot;}\" data-widget_type=\"image.default\">\n\t\t\t\t<div class=\"elementor-widget-container\">\n\t\t\t\t\t\t\t\t\t\t\t\t\t\t\t\t<a href=\"#inicio\">\n\t\t\t\t\t\t\t<img loading=\"lazy\" decoding=\"async\" width=\"24\" height=\"24\" src=\"https:\/\/servireach.com\/wp-content\/uploads\/2025\/05\/flecha.svg\" class=\"attachment-full size-full wp-image-11745\" alt=\"\" \/>\t\t\t\t\t\t\t\t<\/a>\n\t\t\t\t\t\t\t\t\t\t\t\t\t\t\t<\/div>\n\t\t\t\t<\/div>\n\t\t\t\t\t<\/div>\n\t\t\t\t<\/div>\n\t\t<div class=\"elementor-element elementor-element-4555f69 e-flex e-con-boxed e-con e-parent\" data-id=\"4555f69\" data-element_type=\"container\" data-e-type=\"container\" id=\"inicio\">\n\t\t\t\t\t<div class=\"e-con-inner\">\n\t\t<div class=\"elementor-element elementor-element-4752bd3 e-con-full e-flex e-con e-child\" data-id=\"4752bd3\" data-element_type=\"container\" data-e-type=\"container\">\n\t\t\t\t<div class=\"elementor-element elementor-element-1cc8683 elementor-widget elementor-widget-text-editor\" data-id=\"1cc8683\" data-element_type=\"widget\" data-e-type=\"widget\" data-widget_type=\"text-editor.default\">\n\t\t\t\t<div class=\"elementor-widget-container\">\n\t\t\t\t\t\t\t\t\tWe design customized courses that cover the specific needs of companies. Our courses can be conducted on-site, at the company&#8217;s facilities, facilitating the transmission of knowledge very effectively thanks to close interaction between trainer and trainee; or online, thus solving the mobility issues of employees located at different sites.\t\t\t\t\t\t\t\t<\/div>\n\t\t\t\t<\/div>\n\t\t\t\t<\/div>\n\t\t\t\t\t<\/div>\n\t\t\t\t<\/div>\n\t\t<div class=\"elementor-element elementor-element-61bcdaf e-flex e-con-boxed e-con e-parent\" data-id=\"61bcdaf\" data-element_type=\"container\" data-e-type=\"container\">\n\t\t\t\t\t<div class=\"e-con-inner\">\n\t\t\t\t<div class=\"elementor-element elementor-element-2640f8e elementor-widget elementor-widget-heading\" data-id=\"2640f8e\" data-element_type=\"widget\" data-e-type=\"widget\" data-widget_type=\"heading.default\">\n\t\t\t\t<div class=\"elementor-widget-container\">\n\t\t\t\t\t<h2 class=\"elementor-heading-title elementor-size-default\">Contact us and we will prepare a proposal tailored to your needs.<\/h2>\t\t\t\t<\/div>\n\t\t\t\t<\/div>\n\t\t\t\t<div class=\"elementor-element elementor-element-35208227 elementor-align-center elementor-widget elementor-widget-button\" data-id=\"35208227\" data-element_type=\"widget\" data-e-type=\"widget\" data-widget_type=\"button.default\">\n\t\t\t\t<div class=\"elementor-widget-container\">\n\t\t\t\t\t\t\t\t\t<div class=\"elementor-button-wrapper\">\n\t\t\t\t\t<a class=\"elementor-button elementor-button-link elementor-size-sm\" href=\"https:\/\/servireach.com\/en\/contact\/\">\n\t\t\t\t\t\t<span class=\"elementor-button-content-wrapper\">\n\t\t\t\t\t\t\t\t\t<span class=\"elementor-button-text\">KNOW MORE<\/span>\n\t\t\t\t\t<\/span>\n\t\t\t\t\t<\/a>\n\t\t\t\t<\/div>\n\t\t\t\t\t\t\t\t<\/div>\n\t\t\t\t<\/div>\n\t\t\t\t\t<\/div>\n\t\t\t\t<\/div>\n\t\t\t\t<\/div>\n\t\t","protected":false},"excerpt":{"rendered":"<p>Custom Training We design customized courses that cover the specific needs of companies. Our courses can be conducted on-site, at the company&#8217;s facilities, facilitating the transmission of knowledge very effectively thanks to close interaction between trainer and trainee; or online, thus solving the mobility issues of employees located at different sites. Contact us and we [&hellip;]<\/p>\n","protected":false},"author":37,"featured_media":0,"parent":12329,"menu_order":1,"comment_status":"closed","ping_status":"closed","template":"","meta":{"_acf_changed":false,"footnotes":""},"class_list":["post-12332","page","type-page","status-publish","hentry"],"acf":[],"yoast_head":"<!-- This site is optimized with the Yoast SEO plugin v27.4 - https:\/\/yoast.com\/product\/yoast-seo-wordpress\/ -->\n<title>Courses on Chemical Product Regulations - ServiREACH<\/title>\n<meta name=\"description\" content=\"Realizamos cursos sobre normativa de productos qu\u00edmicos con una formaci\u00f3n a medida tanto presencial como online incluyendo Workshops y talleres pr\u00e1cticos en Reach, ADR, INTCF, CLP, BPR\" \/>\n<meta name=\"robots\" content=\"index, follow, max-snippet:-1, max-image-preview:large, max-video-preview:-1\" \/>\n<link rel=\"canonical\" href=\"https:\/\/servireach.com\/en\/training\/custom-training\/\" \/>\n<meta property=\"og:locale\" content=\"en_US\" \/>\n<meta property=\"og:type\" content=\"article\" \/>\n<meta property=\"og:title\" content=\"Courses on Chemical Product Regulations - ServiREACH\" \/>\n<meta property=\"og:description\" content=\"Realizamos cursos sobre normativa de productos qu\u00edmicos con una formaci\u00f3n a medida tanto presencial como online incluyendo Workshops y talleres pr\u00e1cticos en Reach, ADR, INTCF, CLP, BPR\" \/>\n<meta property=\"og:url\" content=\"https:\/\/servireach.com\/en\/training\/custom-training\/\" \/>\n<meta property=\"og:site_name\" content=\"Servireach\" \/>\n<meta property=\"article:modified_time\" content=\"2025-08-25T10:40:51+00:00\" \/>\n<meta property=\"og:image\" content=\"https:\/\/servireach.com\/wp-content\/uploads\/2018\/03\/servireach_favicon.png\" \/>\n\t<meta property=\"og:image:width\" content=\"50\" \/>\n\t<meta property=\"og:image:height\" content=\"50\" \/>\n\t<meta property=\"og:image:type\" content=\"image\/png\" \/>\n<meta name=\"twitter:card\" content=\"summary_large_image\" \/>\n<meta name=\"twitter:label1\" content=\"Est. reading time\" \/>\n\t<meta name=\"twitter:data1\" content=\"1 minute\" \/>\n<script type=\"application\/ld+json\" class=\"yoast-schema-graph\">{\"@context\":\"https:\\\/\\\/schema.org\",\"@graph\":[{\"@type\":\"WebPage\",\"@id\":\"https:\\\/\\\/servireach.com\\\/en\\\/training\\\/custom-training\\\/\",\"url\":\"https:\\\/\\\/servireach.com\\\/en\\\/training\\\/custom-training\\\/\",\"name\":\"Courses on Chemical Product Regulations - ServiREACH\",\"isPartOf\":{\"@id\":\"https:\\\/\\\/servireach.com\\\/#website\"},\"primaryImageOfPage\":{\"@id\":\"https:\\\/\\\/servireach.com\\\/en\\\/training\\\/custom-training\\\/#primaryimage\"},\"image\":{\"@id\":\"https:\\\/\\\/servireach.com\\\/en\\\/training\\\/custom-training\\\/#primaryimage\"},\"thumbnailUrl\":\"https:\\\/\\\/servireach.com\\\/wp-content\\\/uploads\\\/2025\\\/05\\\/flecha.svg\",\"datePublished\":\"2025-06-19T13:34:54+00:00\",\"dateModified\":\"2025-08-25T10:40:51+00:00\",\"description\":\"Realizamos cursos sobre normativa de productos qu\u00edmicos con una formaci\u00f3n a medida tanto presencial como online incluyendo Workshops y talleres pr\u00e1cticos en Reach, ADR, INTCF, CLP, BPR\",\"breadcrumb\":{\"@id\":\"https:\\\/\\\/servireach.com\\\/en\\\/training\\\/custom-training\\\/#breadcrumb\"},\"inLanguage\":\"en-US\",\"potentialAction\":[{\"@type\":\"ReadAction\",\"target\":[\"https:\\\/\\\/servireach.com\\\/en\\\/training\\\/custom-training\\\/\"]}]},{\"@type\":\"ImageObject\",\"inLanguage\":\"en-US\",\"@id\":\"https:\\\/\\\/servireach.com\\\/en\\\/training\\\/custom-training\\\/#primaryimage\",\"url\":\"https:\\\/\\\/servireach.com\\\/wp-content\\\/uploads\\\/2025\\\/05\\\/flecha.svg\",\"contentUrl\":\"https:\\\/\\\/servireach.com\\\/wp-content\\\/uploads\\\/2025\\\/05\\\/flecha.svg\"},{\"@type\":\"BreadcrumbList\",\"@id\":\"https:\\\/\\\/servireach.com\\\/en\\\/training\\\/custom-training\\\/#breadcrumb\",\"itemListElement\":[{\"@type\":\"ListItem\",\"position\":1,\"name\":\"Inicio\",\"item\":\"https:\\\/\\\/servireach.com\\\/en\\\/home-propuesta-nueva\\\/\"},{\"@type\":\"ListItem\",\"position\":2,\"name\":\"Training\",\"item\":\"https:\\\/\\\/servireach.com\\\/en\\\/training\\\/\"},{\"@type\":\"ListItem\",\"position\":3,\"name\":\"Custom Training\"}]},{\"@type\":\"WebSite\",\"@id\":\"https:\\\/\\\/servireach.com\\\/#website\",\"url\":\"https:\\\/\\\/servireach.com\\\/\",\"name\":\"Servireach\",\"description\":\"\",\"publisher\":{\"@id\":\"https:\\\/\\\/servireach.com\\\/#organization\"},\"potentialAction\":[{\"@type\":\"SearchAction\",\"target\":{\"@type\":\"EntryPoint\",\"urlTemplate\":\"https:\\\/\\\/servireach.com\\\/?s={search_term_string}\"},\"query-input\":{\"@type\":\"PropertyValueSpecification\",\"valueRequired\":true,\"valueName\":\"search_term_string\"}}],\"inLanguage\":\"en-US\"},{\"@type\":\"Organization\",\"@id\":\"https:\\\/\\\/servireach.com\\\/#organization\",\"name\":\"Servireach\",\"url\":\"https:\\\/\\\/servireach.com\\\/\",\"logo\":{\"@type\":\"ImageObject\",\"inLanguage\":\"en-US\",\"@id\":\"https:\\\/\\\/servireach.com\\\/#\\\/schema\\\/logo\\\/image\\\/\",\"url\":\"https:\\\/\\\/servireach.com\\\/wp-content\\\/uploads\\\/2018\\\/03\\\/servireach_favicon.png\",\"contentUrl\":\"https:\\\/\\\/servireach.com\\\/wp-content\\\/uploads\\\/2018\\\/03\\\/servireach_favicon.png\",\"width\":50,\"height\":50,\"caption\":\"Servireach\"},\"image\":{\"@id\":\"https:\\\/\\\/servireach.com\\\/#\\\/schema\\\/logo\\\/image\\\/\"}}]}<\/script>\n<!-- \/ Yoast SEO plugin. -->","yoast_head_json":{"title":"Courses on Chemical Product Regulations - ServiREACH","description":"Realizamos cursos sobre normativa de productos qu\u00edmicos con una formaci\u00f3n a medida tanto presencial como online incluyendo Workshops y talleres pr\u00e1cticos en Reach, ADR, INTCF, CLP, BPR","robots":{"index":"index","follow":"follow","max-snippet":"max-snippet:-1","max-image-preview":"max-image-preview:large","max-video-preview":"max-video-preview:-1"},"canonical":"https:\/\/servireach.com\/en\/training\/custom-training\/","og_locale":"en_US","og_type":"article","og_title":"Courses on Chemical Product Regulations - ServiREACH","og_description":"Realizamos cursos sobre normativa de productos qu\u00edmicos con una formaci\u00f3n a medida tanto presencial como online incluyendo Workshops y talleres pr\u00e1cticos en Reach, ADR, INTCF, CLP, BPR","og_url":"https:\/\/servireach.com\/en\/training\/custom-training\/","og_site_name":"Servireach","article_modified_time":"2025-08-25T10:40:51+00:00","og_image":[{"width":50,"height":50,"url":"https:\/\/servireach.com\/wp-content\/uploads\/2018\/03\/servireach_favicon.png","type":"image\/png"}],"twitter_card":"summary_large_image","twitter_misc":{"Est. reading time":"1 minute"},"schema":{"@context":"https:\/\/schema.org","@graph":[{"@type":"WebPage","@id":"https:\/\/servireach.com\/en\/training\/custom-training\/","url":"https:\/\/servireach.com\/en\/training\/custom-training\/","name":"Courses on Chemical Product Regulations - ServiREACH","isPartOf":{"@id":"https:\/\/servireach.com\/#website"},"primaryImageOfPage":{"@id":"https:\/\/servireach.com\/en\/training\/custom-training\/#primaryimage"},"image":{"@id":"https:\/\/servireach.com\/en\/training\/custom-training\/#primaryimage"},"thumbnailUrl":"https:\/\/servireach.com\/wp-content\/uploads\/2025\/05\/flecha.svg","datePublished":"2025-06-19T13:34:54+00:00","dateModified":"2025-08-25T10:40:51+00:00","description":"Realizamos cursos sobre normativa de productos qu\u00edmicos con una formaci\u00f3n a medida tanto presencial como online incluyendo Workshops y talleres pr\u00e1cticos en Reach, ADR, INTCF, CLP, BPR","breadcrumb":{"@id":"https:\/\/servireach.com\/en\/training\/custom-training\/#breadcrumb"},"inLanguage":"en-US","potentialAction":[{"@type":"ReadAction","target":["https:\/\/servireach.com\/en\/training\/custom-training\/"]}]},{"@type":"ImageObject","inLanguage":"en-US","@id":"https:\/\/servireach.com\/en\/training\/custom-training\/#primaryimage","url":"https:\/\/servireach.com\/wp-content\/uploads\/2025\/05\/flecha.svg","contentUrl":"https:\/\/servireach.com\/wp-content\/uploads\/2025\/05\/flecha.svg"},{"@type":"BreadcrumbList","@id":"https:\/\/servireach.com\/en\/training\/custom-training\/#breadcrumb","itemListElement":[{"@type":"ListItem","position":1,"name":"Inicio","item":"https:\/\/servireach.com\/en\/home-propuesta-nueva\/"},{"@type":"ListItem","position":2,"name":"Training","item":"https:\/\/servireach.com\/en\/training\/"},{"@type":"ListItem","position":3,"name":"Custom Training"}]},{"@type":"WebSite","@id":"https:\/\/servireach.com\/#website","url":"https:\/\/servireach.com\/","name":"Servireach","description":"","publisher":{"@id":"https:\/\/servireach.com\/#organization"},"potentialAction":[{"@type":"SearchAction","target":{"@type":"EntryPoint","urlTemplate":"https:\/\/servireach.com\/?s={search_term_string}"},"query-input":{"@type":"PropertyValueSpecification","valueRequired":true,"valueName":"search_term_string"}}],"inLanguage":"en-US"},{"@type":"Organization","@id":"https:\/\/servireach.com\/#organization","name":"Servireach","url":"https:\/\/servireach.com\/","logo":{"@type":"ImageObject","inLanguage":"en-US","@id":"https:\/\/servireach.com\/#\/schema\/logo\/image\/","url":"https:\/\/servireach.com\/wp-content\/uploads\/2018\/03\/servireach_favicon.png","contentUrl":"https:\/\/servireach.com\/wp-content\/uploads\/2018\/03\/servireach_favicon.png","width":50,"height":50,"caption":"Servireach"},"image":{"@id":"https:\/\/servireach.com\/#\/schema\/logo\/image\/"}}]}},"_links":{"self":[{"href":"https:\/\/servireach.com\/en\/wp-json\/wp\/v2\/pages\/12332","targetHints":{"allow":["GET"]}}],"collection":[{"href":"https:\/\/servireach.com\/en\/wp-json\/wp\/v2\/pages"}],"about":[{"href":"https:\/\/servireach.com\/en\/wp-json\/wp\/v2\/types\/page"}],"author":[{"embeddable":true,"href":"https:\/\/servireach.com\/en\/wp-json\/wp\/v2\/users\/37"}],"replies":[{"embeddable":true,"href":"https:\/\/servireach.com\/en\/wp-json\/wp\/v2\/comments?post=12332"}],"version-history":[{"count":0,"href":"https:\/\/servireach.com\/en\/wp-json\/wp\/v2\/pages\/12332\/revisions"}],"up":[{"embeddable":true,"href":"https:\/\/servireach.com\/en\/wp-json\/wp\/v2\/pages\/12329"}],"wp:attachment":[{"href":"https:\/\/servireach.com\/en\/wp-json\/wp\/v2\/media?parent=12332"}],"curies":[{"name":"wp","href":"https:\/\/api.w.org\/{rel}","templated":true}]}}